{"id":7041,"date":"2023-02-12T20:29:55","date_gmt":"2023-02-12T17:29:55","guid":{"rendered":"https:\/\/www.ataks.app\/randevu-yonetim-sistemi-ve-klinik-yonetim-sistemi\/"},"modified":"2024-04-23T10:39:53","modified_gmt":"2024-04-23T07:39:53","slug":"randevu-yonetim-sistemi-ve-klinik-yonetim-sistemi","status":"publish","type":"page","link":"https:\/\/www.ataks.app\/de\/randevu-yonetim-sistemi-ve-klinik-yonetim-sistemi\/","title":{"rendered":"Startseite"},"content":{"rendered":"\t\t<div data-elementor-type=\"wp-page\" data-elementor-id=\"7041\" class=\"elementor elementor-7041 elementor-5255\" data-elementor-settings=\"{&quot;element_pack_global_tooltip_width&quot;:{&quot;unit&quot;:&quot;px&quot;,&quot;size&quot;:&quot;&quot;,&quot;sizes&quot;:[]},&quot;element_pack_global_tooltip_width_tablet&quot;:{&quot;unit&quot;:&quot;px&quot;,&quot;size&quot;:&quot;&quot;,&quot;sizes&quot;:[]},&quot;element_pack_global_tooltip_width_mobile&quot;:{&quot;unit&quot;:&quot;px&quot;,&quot;size&quot;:&quot;&quot;,&quot;sizes&quot;:[]},&quot;element_pack_global_tooltip_padding&quot;:{&quot;unit&quot;:&quot;px&quot;,&quot;top&quot;:&quot;&quot;,&quot;right&quot;:&quot;&quot;,&quot;bottom&quot;:&quot;&quot;,&quot;left&quot;:&quot;&quot;,&quot;isLinked&quot;:true},&quot;element_pack_global_tooltip_padding_tablet&quot;:{&quot;unit&quot;:&quot;px&quot;,&quot;top&quot;:&quot;&quot;,&quot;right&quot;:&quot;&quot;,&quot;bottom&quot;:&quot;&quot;,&quot;left&quot;:&quot;&quot;,&quot;isLinked&quot;:true},&quot;element_pack_global_tooltip_padding_mobile&quot;:{&quot;unit&quot;:&quot;px&quot;,&quot;top&quot;:&quot;&quot;,&quot;right&quot;:&quot;&quot;,&quot;bottom&quot;:&quot;&quot;,&quot;left&quot;:&quot;&quot;,&quot;isLinked&quot;:true},&quot;element_pack_global_tooltip_border_radius&quot;:{&quot;unit&quot;:&quot;px&quot;,&quot;top&quot;:&quot;&quot;,&quot;right&quot;:&quot;&quot;,&quot;bottom&quot;:&quot;&quot;,&quot;left&quot;:&quot;&quot;,&quot;isLinked&quot;:true},&quot;element_pack_global_tooltip_border_radius_tablet&quot;:{&quot;unit&quot;:&quot;px&quot;,&quot;top&quot;:&quot;&quot;,&quot;right&quot;:&quot;&quot;,&quot;bottom&quot;:&quot;&quot;,&quot;left&quot;:&quot;&quot;,&quot;isLinked&quot;:true},&quot;element_pack_global_tooltip_border_radius_mobile&quot;:{&quot;unit&quot;:&quot;px&quot;,&quot;top&quot;:&quot;&quot;,&quot;right&quot;:&quot;&quot;,&quot;bottom&quot;:&quot;&quot;,&quot;left&quot;:&quot;&quot;,&quot;isLinked&quot;:true}}\" data-elementor-post-type=\"page\">\n\t\t\t\t\t\t<section class=\"elementor-section elementor-top-section elementor-element elementor-element-ebd9195 elementor-section-full_width elementor-section-height-default elementor-section-height-default\" data-id=\"ebd9195\" data-element_type=\"section\" data-e-type=\"section\" data-settings=\"{&quot;background_background&quot;:&quot;classic&quot;}\">\n\t\t\t\t\t\t<div class=\"elementor-container elementor-column-gap-no\">\n\t\t\t\t\t<div class=\"elementor-column elementor-col-100 elementor-top-column elementor-element elementor-element-e47c860\" data-id=\"e47c860\" data-element_type=\"column\" data-e-type=\"column\">\n\t\t\t<div class=\"elementor-widget-wrap\">\n\t\t\t\t\t\t\t<\/div>\n\t\t<\/div>\n\t\t\t\t\t<\/div>\n\t\t<\/section>\n\t\t\t\t<section class=\"elementor-section elementor-top-section elementor-element elementor-element-7e91519 elementor-section-full_width elementor-section-height-default elementor-section-height-default\" data-id=\"7e91519\" data-element_type=\"section\" data-e-type=\"section\">\n\t\t\t\t\t\t<div class=\"elementor-container elementor-column-gap-no\">\n\t\t\t\t\t<div class=\"elementor-column elementor-col-100 elementor-top-column elementor-element elementor-element-5537b6d\" data-id=\"5537b6d\" data-element_type=\"column\" data-e-type=\"column\">\n\t\t\t<div class=\"elementor-widget-wrap elementor-element-populated\">\n\t\t\t\t\t\t<div class=\"elementor-element elementor-element-3417f71 elementor-widget elementor-widget-heading\" data-id=\"3417f71\" data-element_type=\"widget\" data-e-type=\"widget\" data-widget_type=\"heading.default\">\n\t\t\t\t<div class=\"elementor-widget-container\">\n\t\t\t\t\t<h4 class=\"elementor-heading-title elementor-size-default\">How to use it?<\/h4>\t\t\t\t<\/div>\n\t\t\t\t<\/div>\n\t\t\t\t<div class=\"elementor-element elementor-element-2ccc5ab elementor-widget elementor-widget-text-editor\" data-id=\"2ccc5ab\" data-element_type=\"widget\" data-e-type=\"widget\" data-widget_type=\"text-editor.default\">\n\t\t\t\t<div class=\"elementor-widget-container\">\n\t\t\t\t\t\t\t\t\t<h5 style=\"text-align: center;\">You need 3 steps to use AtaksAPP Appointment Program.<\/h5>\t\t\t\t\t\t\t\t<\/div>\n\t\t\t\t<\/div>\n\t\t\t\t<div class=\"elementor-element elementor-element-0b0f77f elementor-hidden-desktop elementor-hidden-tablet elementor-widget elementor-widget-image\" data-id=\"0b0f77f\" data-element_type=\"widget\" data-e-type=\"widget\" data-widget_type=\"image.default\">\n\t\t\t\t<div class=\"elementor-widget-container\">\n\t\t\t\t\t\t\t\t\t\t\t\t\t\t\t<img fetchpriority=\"high\" decoding=\"async\" width=\"400\" height=\"880\" src=\"https:\/\/www.ataks.app\/wp-content\/uploads\/2024\/02\/Isletme-bilgileri-EN-Mobil.png\" class=\"attachment-large size-large wp-image-6809\" alt=\"\" srcset=\"https:\/\/www.ataks.app\/wp-content\/uploads\/2024\/02\/Isletme-bilgileri-EN-Mobil.png 400w, https:\/\/www.ataks.app\/wp-content\/uploads\/2024\/02\/Isletme-bilgileri-EN-Mobil-136x300.png 136w\" sizes=\"(max-width: 400px) 100vw, 400px\" \/>\t\t\t\t\t\t\t\t\t\t\t\t\t\t\t<\/div>\n\t\t\t\t<\/div>\n\t\t\t\t<div class=\"elementor-element elementor-element-b91f933 elementor-hidden-mobile elementor-widget elementor-widget-image\" data-id=\"b91f933\" data-element_type=\"widget\" data-e-type=\"widget\" data-widget_type=\"image.default\">\n\t\t\t\t<div class=\"elementor-widget-container\">\n\t\t\t\t\t\t\t\t\t\t\t\t\t\t\t<img decoding=\"async\" width=\"1021\" height=\"188\" src=\"https:\/\/www.ataks.app\/wp-content\/uploads\/2024\/02\/Isletme-Bilgileri-PC-EN-.png\" class=\"attachment-full size-full wp-image-6812\" alt=\"Business information\" srcset=\"https:\/\/www.ataks.app\/wp-content\/uploads\/2024\/02\/Isletme-Bilgileri-PC-EN-.png 1021w, https:\/\/www.ataks.app\/wp-content\/uploads\/2024\/02\/Isletme-Bilgileri-PC-EN--300x55.png 300w, https:\/\/www.ataks.app\/wp-content\/uploads\/2024\/02\/Isletme-Bilgileri-PC-EN--768x141.png 768w, https:\/\/www.ataks.app\/wp-content\/uploads\/2024\/02\/Isletme-Bilgileri-PC-EN--600x110.png 600w\" sizes=\"(max-width: 1021px) 100vw, 1021px\" \/>\t\t\t\t\t\t\t\t\t\t\t\t\t\t\t<\/div>\n\t\t\t\t<\/div>\n\t\t\t\t\t<\/div>\n\t\t<\/div>\n\t\t\t\t\t<\/div>\n\t\t<\/section>\n\t\t\t\t<section class=\"elementor-section elementor-top-section elementor-element elementor-element-09778b9 elementor-section-boxed elementor-section-height-default elementor-section-height-default\" data-id=\"09778b9\" data-element_type=\"section\" data-e-type=\"section\">\n\t\t\t\t\t\t<div class=\"elementor-container elementor-column-gap-default\">\n\t\t\t\t\t<div class=\"elementor-column elementor-col-100 elementor-top-column elementor-element elementor-element-52389ea\" data-id=\"52389ea\" data-element_type=\"column\" data-e-type=\"column\">\n\t\t\t<div class=\"elementor-widget-wrap elementor-element-populated\">\n\t\t\t\t\t\t<div class=\"elementor-element elementor-element-bc2e39a elementor-widget elementor-widget-heading\" data-id=\"bc2e39a\" data-element_type=\"widget\" data-e-type=\"widget\" data-widget_type=\"heading.default\">\n\t\t\t\t<div class=\"elementor-widget-container\">\n\t\t\t\t\t<h5 class=\"elementor-heading-title elementor-size-default\">Beauty Center Program<\/h5>\t\t\t\t<\/div>\n\t\t\t\t<\/div>\n\t\t\t\t<div class=\"elementor-element elementor-element-23f90ca elementor-widget elementor-widget-text-editor\" data-id=\"23f90ca\" data-element_type=\"widget\" data-e-type=\"widget\" data-widget_type=\"text-editor.default\">\n\t\t\t\t<div class=\"elementor-widget-container\">\n\t\t\t\t\t\t\t\t\t<div class=\"section-header\"><p style=\"text-align: center;\">AtaksAPP Appointment and Business Management Program<\/p><\/div>\t\t\t\t\t\t\t\t<\/div>\n\t\t\t\t<\/div>\n\t\t\t\t<div class=\"elementor-element elementor-element-9ed79bb elementor-widget elementor-widget-html\" data-id=\"9ed79bb\" data-element_type=\"widget\" data-e-type=\"widget\" data-widget_type=\"html.default\">\n\t\t\t\t<div class=\"elementor-widget-container\">\n\t\t\t\t\t<style>\n        \/* Kutu Tasar\u0131m\u0131 *\/\n        .kutu {\n            width: 200px;\n            height: 200px;\n            background-color: #3498db;\n            color: #ffffff;\n            text-align: center;\n            line-height: 200px;\n            border-radius: 10px;\n            box-shadow: 0 4px 8px rgba(0, 0, 0, 0.1);\n        }\n    <\/style>\n    \n    \n<div class=\"row gx-3 gx-sm-4 gx-md-5 gy-xl-6 gy-5\">\n<div class=\"col-6 col-lg-4 col-xl-3 d-flex\">\n<div class=\"business-item\">\n<div>\n<img decoding=\"async\" data-src=\"https:\/\/www.ataks.app\/wp-content\/uploads\/2023\/12\/Spor-Salonlar.webp\" class=\"kutu\" alt=\"Spor Salonu\" width=\"280\" height=\"200\" src=\"https:\/\/www.ataks.app\/wp-content\/uploads\/2023\/12\/Spor-Salonlar.webp\">\n<\/div>\n<h5>Gym, Sports and Fitness<\/h5>\n<\/div>\n<\/div>\n<div class=\"col-6 col-lg-4 col-xl-3 d-flex\">\n<div class=\"business-item\">\n<div>\n<img loading=\"lazy\" decoding=\"async\" data-src=\"https:\/\/www.ataks.app\/wp-content\/uploads\/2023\/12\/Online-Egitim-Psikolog-min.webp\"  class=\"kutu\" alt=\"Online G\u00f6r\u00fc\u015fme\" width=\"280\" height=\"220\" src=\"https:\/\/www.ataks.app\/wp-content\/uploads\/2023\/12\/Online-Egitim-Psikolog-min.webp\">\n<\/div>\n<h5>Online Call<\/h5>\n<\/div>\n<\/div>\n<div class=\"col-6 col-lg-4 col-xl-3 d-flex\">\n<div class=\"business-item\">\n<div>\n<img loading=\"lazy\" decoding=\"async\" data-src=\"https:\/\/www.ataks.app\/wp-content\/uploads\/2023\/12\/Diyetisyen-min.webp\" alt=\"Diyetisyen\"  class=\"kutu\" width=\"280\" height=\"220\" src=\"https:\/\/www.ataks.app\/wp-content\/uploads\/2023\/12\/Diyetisyen-min.webp\">\n<\/div>\n<h5>Nutritionist<\/h5>\n<\/div>\n<\/div>\n<div class=\"col-6 col-lg-4 col-xl-3 d-flex\">\n<div class=\"business-item\">\n<div>\n<img loading=\"lazy\" decoding=\"async\" data-src=\"https:\/\/www.ataks.app\/wp-content\/uploads\/2023\/12\/guzellik-merkezi-min.webp\"  class=\"kutu\" alt=\"G\u00fczellik Merkezi\" width=\"280\" height=\"220\" src=\"https:\/\/www.ataks.app\/wp-content\/uploads\/2023\/12\/guzellik-merkezi-min.webp\">\n<\/div>\n<h5>Beauty Center<\/h5>\n<\/div>\n<\/div>\n<div class=\"col-6 col-lg-4 col-xl-3 d-flex\">\n<div class=\"business-item\">\n<div>\n<img loading=\"lazy\" decoding=\"async\" data-src=\"https:\/\/www.ataks.app\/wp-content\/uploads\/2023\/12\/Spa-Merkezleri-min.webp\" class=\"kutu\" alt=\"Spa Merkezleri\" width=\"280\" height=\"220\" src=\"https:\/\/www.ataks.app\/wp-content\/uploads\/2023\/12\/Spa-Merkezleri-min.webp\">\n<\/div>\n<h5>Spa Centers<\/h5>\n<\/div>\n<\/div>\n<div class=\"col-6 col-lg-4 col-xl-3 d-flex\">\n<div class=\"business-item\">\n<div>\n<img loading=\"lazy\" decoding=\"async\" data-src=\"https:\/\/www.ataks.app\/wp-content\/uploads\/2023\/12\/doktor-ve-estetik-merkezleri-min.webp\" class=\"kutu\" alt=\"Sa\u011fl\u0131k ve Estetik Merkezleri\" width=\"280\" height=\"200\" src=\"https:\/\/www.ataks.app\/wp-content\/uploads\/2023\/12\/doktor-ve-estetik-merkezleri-min.webp\">\n\n<\/div>\n<h5>Health and Aesthetic Centers<h5\/>\n<\/div>\n<\/div>\n<\/div>\n\t\t\t\t<\/div>\n\t\t\t\t<\/div>\n\t\t\t\t\t<\/div>\n\t\t<\/div>\n\t\t\t\t\t<\/div>\n\t\t<\/section>\n\t\t\t\t<section class=\"elementor-section elementor-top-section elementor-element elementor-element-7b8c999 elementor-section-full_width elementor-section-height-default elementor-section-height-default\" data-id=\"7b8c999\" data-element_type=\"section\" data-e-type=\"section\">\n\t\t\t\t\t\t<div class=\"elementor-container elementor-column-gap-no\">\n\t\t\t\t\t<div class=\"elementor-column elementor-col-100 elementor-top-column elementor-element elementor-element-ad56fb8\" data-id=\"ad56fb8\" data-element_type=\"column\" data-e-type=\"column\">\n\t\t\t<div class=\"elementor-widget-wrap\">\n\t\t\t\t\t\t\t<\/div>\n\t\t<\/div>\n\t\t\t\t\t<\/div>\n\t\t<\/section>\n\t\t\t\t<section class=\"elementor-section elementor-top-section elementor-element elementor-element-a1a7a8d elementor-section-full_width elementor-section-height-default elementor-section-height-default\" data-id=\"a1a7a8d\" data-element_type=\"section\" data-e-type=\"section\">\n\t\t\t\t\t\t<div class=\"elementor-container elementor-column-gap-no\">\n\t\t\t\t\t<div class=\"elementor-column elementor-col-100 elementor-top-column elementor-element elementor-element-b0e64c8\" data-id=\"b0e64c8\" data-element_type=\"column\" data-e-type=\"column\">\n\t\t\t<div class=\"elementor-widget-wrap elementor-element-populated\">\n\t\t\t\t\t\t<div class=\"elementor-element elementor-element-544b9f6 elementor-widget elementor-widget-heading\" data-id=\"544b9f6\" data-element_type=\"widget\" data-e-type=\"widget\" data-widget_type=\"heading.default\">\n\t\t\t\t<div class=\"elementor-widget-container\">\n\t\t\t\t\t<h3 class=\"elementor-heading-title elementor-size-large\"><br>Appointment Management Program\n<br>Feature<\/h3>\t\t\t\t<\/div>\n\t\t\t\t<\/div>\n\t\t\t\t<div class=\"elementor-element elementor-element-82d38be elementor-widget elementor-widget-html\" data-id=\"82d38be\" data-element_type=\"widget\" data-e-type=\"widget\" data-widget_type=\"html.default\">\n\t\t\t\t<div class=\"elementor-widget-container\">\n\t\t\t\t\t<script type=\"application\/ld+json\">\n{\n  \"@context\": \"https:\/\/schema.org\",\n  \"@type\": \"Event\",\n  \"name\": \"Randevu Y\u00f6netim Sistemi\",\n  \"description\": \"Randevu Y\u00f6netim Sistemi ile Online Randevu al\u0131p i\u015fletmenizi kolayca y\u00f6netin.\",\n  \"image\": \"https:\/\/www.ataks.app\/wp-content\/uploads\/2022\/07\/ATAKSAPP-SIYAH.png\",\n  \"startDate\": \"2023-07-24T00:00+03:00\",\n  \"endDate\": \"2023-08-24T00:00+03:00\",\n  \"eventStatus\": \"https:\/\/schema.org\/EventScheduled\",\n  \"eventAttendanceMode\": \"https:\/\/schema.org\/OnlineEventAttendanceMode\",\n  \"location\": {\n    \"@type\": \"VirtualLocation\",\n    \"url\": \"https:\/\/www.ataks.app\/\"\n  },\n  \"performer\": {\n    \"@type\": \"Person\",\n    \"name\": \"AtaksAPP\"\n  },\n  \"offers\": {\n    \"@type\": \"Offer\",\n    \"name\": \"Ba\u015flang\u0131\u00e7\",\n    \"price\": \"179\",\n    \"priceCurrency\": \"TRY\",\n    \"validFrom\": \"2023-08-24\",\n    \"url\": \"https:\/\/www.ataks.app\/klinik-yonetim-sistemi\/\",\n    \"availability\": \"https:\/\/schema.org\/InStock\"\n  }\n}\n<\/script>\t\t\t\t<\/div>\n\t\t\t\t<\/div>\n\t\t\t\t\t<\/div>\n\t\t<\/div>\n\t\t\t\t\t<\/div>\n\t\t<\/section>\n\t\t\t\t<section class=\"elementor-section elementor-top-section elementor-element elementor-element-ea729d2 elementor-section-boxed elementor-section-height-default elementor-section-height-default\" data-id=\"ea729d2\" data-element_type=\"section\" data-e-type=\"section\">\n\t\t\t\t\t\t<div class=\"elementor-container elementor-column-gap-default\">\n\t\t\t\t\t<div class=\"elementor-column elementor-col-50 elementor-top-column elementor-element elementor-element-17dc670\" data-id=\"17dc670\" data-element_type=\"column\" data-e-type=\"column\">\n\t\t\t<div class=\"elementor-widget-wrap\">\n\t\t\t\t\t\t\t<\/div>\n\t\t<\/div>\n\t\t\t\t<div class=\"elementor-column elementor-col-50 elementor-top-column elementor-element elementor-element-9dbfa5c\" data-id=\"9dbfa5c\" data-element_type=\"column\" data-e-type=\"column\">\n\t\t\t<div class=\"elementor-widget-wrap elementor-element-populated\">\n\t\t\t\t\t\t<div class=\"elementor-element elementor-element-68daa28 elementor-widget elementor-widget-image\" data-id=\"68daa28\" data-element_type=\"widget\" data-e-type=\"widget\" data-widget_type=\"image.default\">\n\t\t\t\t<div class=\"elementor-widget-container\">\n\t\t\t\t\t\t\t\t\t\t\t\t\t\t\t<img loading=\"lazy\" decoding=\"async\" width=\"600\" height=\"367\" src=\"https:\/\/www.ataks.app\/wp-content\/uploads\/2023\/03\/randevu-yonetim-sistemi-randevu-al.gif\" class=\"attachment-large size-large wp-image-6714\" alt=\"\" \/>\t\t\t\t\t\t\t\t\t\t\t\t\t\t\t<\/div>\n\t\t\t\t<\/div>\n\t\t\t\t\t<\/div>\n\t\t<\/div>\n\t\t\t\t\t<\/div>\n\t\t<\/section>\n\t\t\t\t<section class=\"elementor-section elementor-top-section elementor-element elementor-element-6474f8e elementor-section-full_width elementor-section-height-default elementor-section-height-default\" data-id=\"6474f8e\" data-element_type=\"section\" data-e-type=\"section\" data-settings=\"{&quot;background_background&quot;:&quot;classic&quot;}\">\n\t\t\t\t\t\t<div class=\"elementor-container elementor-column-gap-no\">\n\t\t\t\t\t<div class=\"elementor-column elementor-col-100 elementor-top-column elementor-element elementor-element-2d62356\" data-id=\"2d62356\" data-element_type=\"column\" data-e-type=\"column\">\n\t\t\t<div class=\"elementor-widget-wrap elementor-element-populated\">\n\t\t\t\t\t\t<section class=\"elementor-section elementor-inner-section elementor-element elementor-element-2a5f18f elementor-section-content-middle elementor-section-boxed elementor-section-height-default elementor-section-height-default\" data-id=\"2a5f18f\" data-element_type=\"section\" data-e-type=\"section\">\n\t\t\t\t\t\t<div class=\"elementor-container elementor-column-gap-no\">\n\t\t\t\t\t<div class=\"elementor-column elementor-col-50 elementor-inner-column elementor-element elementor-element-1dffd87\" data-id=\"1dffd87\" data-element_type=\"column\" data-e-type=\"column\">\n\t\t\t<div class=\"elementor-widget-wrap elementor-element-populated\">\n\t\t\t\t\t\t<div class=\"elementor-element elementor-element-772541f elementor-widget elementor-widget-image\" data-id=\"772541f\" data-element_type=\"widget\" data-e-type=\"widget\" data-widget_type=\"image.default\">\n\t\t\t\t<div class=\"elementor-widget-container\">\n\t\t\t\t\t\t\t\t\t\t\t\t\t\t\t<img loading=\"lazy\" decoding=\"async\" width=\"698\" height=\"507\" src=\"https:\/\/www.ataks.app\/wp-content\/uploads\/2023\/02\/2-4.png\" class=\"attachment-full size-full wp-image-6690\" alt=\"\" srcset=\"https:\/\/www.ataks.app\/wp-content\/uploads\/2023\/02\/2-4.png 698w, https:\/\/www.ataks.app\/wp-content\/uploads\/2023\/02\/2-4-300x218.png 300w, https:\/\/www.ataks.app\/wp-content\/uploads\/2023\/02\/2-4-600x436.png 600w\" sizes=\"(max-width: 698px) 100vw, 698px\" \/>\t\t\t\t\t\t\t\t\t\t\t\t\t\t\t<\/div>\n\t\t\t\t<\/div>\n\t\t\t\t\t<\/div>\n\t\t<\/div>\n\t\t\t\t<div class=\"elementor-column elementor-col-50 elementor-inner-column elementor-element elementor-element-29f4a7d choose-us-area\" data-id=\"29f4a7d\" data-element_type=\"column\" data-e-type=\"column\">\n\t\t\t<div class=\"elementor-widget-wrap elementor-element-populated\">\n\t\t\t\t\t\t<div class=\"elementor-element elementor-element-c7ac910 info elementor-align-start elementor-icon-list--layout-traditional elementor-list-item-link-full_width elementor-widget elementor-widget-icon-list\" data-id=\"c7ac910\" data-element_type=\"widget\" data-e-type=\"widget\" data-widget_type=\"icon-list.default\">\n\t\t\t\t<div class=\"elementor-widget-container\">\n\t\t\t\t\t\t\t<ul class=\"elementor-icon-list-items\">\n\t\t\t\t\t\t\t<li class=\"elementor-icon-list-item\">\n\t\t\t\t\t\t\t\t\t\t\t<span class=\"elementor-icon-list-icon\">\n\t\t\t\t\t\t\t<svg aria-hidden=\"true\" class=\"e-font-icon-svg e-fas-layer-group\" viewBox=\"0 0 512 512\" xmlns=\"http:\/\/www.w3.org\/2000\/svg\"><path d=\"M12.41 148.02l232.94 105.67c6.8 3.09 14.49 3.09 21.29 0l232.94-105.67c16.55-7.51 16.55-32.52 0-40.03L266.65 2.31a25.607 25.607 0 0 0-21.29 0L12.41 107.98c-16.55 7.51-16.55 32.53 0 40.04zm487.18 88.28l-58.09-26.33-161.64 73.27c-7.56 3.43-15.59 5.17-23.86 5.17s-16.29-1.74-23.86-5.17L70.51 209.97l-58.1 26.33c-16.55 7.5-16.55 32.5 0 40l232.94 105.59c6.8 3.08 14.49 3.08 21.29 0L499.59 276.3c16.55-7.5 16.55-32.5 0-40zm0 127.8l-57.87-26.23-161.86 73.37c-7.56 3.43-15.59 5.17-23.86 5.17s-16.29-1.74-23.86-5.17L70.29 337.87 12.41 364.1c-16.55 7.5-16.55 32.5 0 40l232.94 105.59c6.8 3.08 14.49 3.08 21.29 0L499.59 404.1c16.55-7.5 16.55-32.5 0-40z\"><\/path><\/svg>\t\t\t\t\t\t<\/span>\n\t\t\t\t\t\t\t\t\t\t<span class=\"elementor-icon-list-text\">No Installation Required<\/span>\n\t\t\t\t\t\t\t\t\t<\/li>\n\t\t\t\t\t\t\t\t<li class=\"elementor-icon-list-item\">\n\t\t\t\t\t\t\t\t\t\t\t<span class=\"elementor-icon-list-icon\">\n\t\t\t\t\t\t\t<svg aria-hidden=\"true\" class=\"e-font-icon-svg e-fas-fingerprint\" viewBox=\"0 0 512 512\" xmlns=\"http:\/\/www.w3.org\/2000\/svg\"><path d=\"M256.12 245.96c-13.25 0-24 10.74-24 24 1.14 72.25-8.14 141.9-27.7 211.55-2.73 9.72 2.15 30.49 23.12 30.49 10.48 0 20.11-6.92 23.09-17.52 13.53-47.91 31.04-125.41 29.48-224.52.01-13.25-10.73-24-23.99-24zm-.86-81.73C194 164.16 151.25 211.3 152.1 265.32c.75 47.94-3.75 95.91-13.37 142.55-2.69 12.98 5.67 25.69 18.64 28.36 13.05 2.67 25.67-5.66 28.36-18.64 10.34-50.09 15.17-101.58 14.37-153.02-.41-25.95 19.92-52.49 54.45-52.34 31.31.47 57.15 25.34 57.62 55.47.77 48.05-2.81 96.33-10.61 143.55-2.17 13.06 6.69 25.42 19.76 27.58 19.97 3.33 26.81-15.1 27.58-19.77 8.28-50.03 12.06-101.21 11.27-152.11-.88-55.8-47.94-101.88-104.91-102.72zm-110.69-19.78c-10.3-8.34-25.37-6.8-33.76 3.48-25.62 31.5-39.39 71.28-38.75 112 .59 37.58-2.47 75.27-9.11 112.05-2.34 13.05 6.31 25.53 19.36 27.89 20.11 3.5 27.07-14.81 27.89-19.36 7.19-39.84 10.5-80.66 9.86-121.33-.47-29.88 9.2-57.88 28-80.97 8.35-10.28 6.79-25.39-3.49-33.76zm109.47-62.33c-15.41-.41-30.87 1.44-45.78 4.97-12.89 3.06-20.87 15.98-17.83 28.89 3.06 12.89 16 20.83 28.89 17.83 11.05-2.61 22.47-3.77 34-3.69 75.43 1.13 137.73 61.5 138.88 134.58.59 37.88-1.28 76.11-5.58 113.63-1.5 13.17 7.95 25.08 21.11 26.58 16.72 1.95 25.51-11.88 26.58-21.11a929.06 929.06 0 0 0 5.89-119.85c-1.56-98.75-85.07-180.33-186.16-181.83zm252.07 121.45c-2.86-12.92-15.51-21.2-28.61-18.27-12.94 2.86-21.12 15.66-18.26 28.61 4.71 21.41 4.91 37.41 4.7 61.6-.11 13.27 10.55 24.09 23.8 24.2h.2c13.17 0 23.89-10.61 24-23.8.18-22.18.4-44.11-5.83-72.34zm-40.12-90.72C417.29 43.46 337.6 1.29 252.81.02 183.02-.82 118.47 24.91 70.46 72.94 24.09 119.37-.9 181.04.14 246.65l-.12 21.47c-.39 13.25 10.03 24.31 23.28 24.69.23.02.48.02.72.02 12.92 0 23.59-10.3 23.97-23.3l.16-23.64c-.83-52.5 19.16-101.86 56.28-139 38.76-38.8 91.34-59.67 147.68-58.86 69.45 1.03 134.73 35.56 174.62 92.39 7.61 10.86 22.56 13.45 33.42 5.86 10.84-7.62 13.46-22.59 5.84-33.43z\"><\/path><\/svg>\t\t\t\t\t\t<\/span>\n\t\t\t\t\t\t\t\t\t\t<span class=\"elementor-icon-list-text\">Now more secure on cloud servers<\/span>\n\t\t\t\t\t\t\t\t\t<\/li>\n\t\t\t\t\t\t<\/ul>\n\t\t\t\t\t\t<\/div>\n\t\t\t\t<\/div>\n\t\t\t\t\t<\/div>\n\t\t<\/div>\n\t\t\t\t\t<\/div>\n\t\t<\/section>\n\t\t\t\t\t<\/div>\n\t\t<\/div>\n\t\t\t\t\t<\/div>\n\t\t<\/section>\n\t\t\t\t<section class=\"elementor-section elementor-top-section elementor-element elementor-element-10dfa25 elementor-section-full_width elementor-section-height-default elementor-section-height-default\" data-id=\"10dfa25\" data-element_type=\"section\" data-e-type=\"section\" data-settings=\"{&quot;background_background&quot;:&quot;classic&quot;}\">\n\t\t\t\t\t\t\t<div class=\"elementor-background-overlay\"><\/div>\n\t\t\t\t\t\t\t<div class=\"elementor-container elementor-column-gap-no\">\n\t\t\t\t\t<div class=\"elementor-column elementor-col-100 elementor-top-column elementor-element elementor-element-78bdc81\" data-id=\"78bdc81\" data-element_type=\"column\" data-e-type=\"column\">\n\t\t\t<div class=\"elementor-widget-wrap\">\n\t\t\t\t\t\t\t<\/div>\n\t\t<\/div>\n\t\t\t\t\t<\/div>\n\t\t<\/section>\n\t\t\t\t<section class=\"elementor-section elementor-top-section elementor-element elementor-element-52e1535 elementor-section-full_width elementor-section-height-default elementor-section-height-default\" data-id=\"52e1535\" data-element_type=\"section\" data-e-type=\"section\" data-settings=\"{&quot;background_background&quot;:&quot;classic&quot;}\">\n\t\t\t\t\t\t<div class=\"elementor-container elementor-column-gap-no\">\n\t\t\t\t\t<div class=\"elementor-column elementor-col-100 elementor-top-column elementor-element elementor-element-7b08d2a\" data-id=\"7b08d2a\" data-element_type=\"column\" data-e-type=\"column\">\n\t\t\t<div class=\"elementor-widget-wrap\">\n\t\t\t\t\t\t\t<\/div>\n\t\t<\/div>\n\t\t\t\t\t<\/div>\n\t\t<\/section>\n\t\t\t\t<\/div>\n\t\t","protected":false},"excerpt":{"rendered":"<p>Termin-Management-System Beauty-Center-Programm Spa-Programm Sch\u00f6nheitssalon-Programm Coiffeur Program KOSTENLOS PROBEN How to use it? You need 3 steps to use AtaksAPP Appointment Program. Beauty Center Program AtaksAPP Appointment and Business Management Program Gym, Sports and Fitness Online Call Nutritionist Beauty Center Spa Centers Health and Aesthetic Centers AtaksAPP Appointment Program Member +75 Businesses Appointment Management Program Feature [&hellip;]<\/p>\n","protected":false},"author":1,"featured_media":0,"parent":0,"menu_order":0,"comment_status":"closed","ping_status":"closed","template":"template-builder.php","meta":{"footnotes":""},"class_list":["post-7041","page","type-page","status-publish","hentry"],"_links":{"self":[{"href":"https:\/\/www.ataks.app\/de\/wp-json\/wp\/v2\/pages\/7041","targetHints":{"allow":["GET"]}}],"collection":[{"href":"https:\/\/www.ataks.app\/de\/wp-json\/wp\/v2\/pages"}],"about":[{"href":"https:\/\/www.ataks.app\/de\/wp-json\/wp\/v2\/types\/page"}],"author":[{"embeddable":true,"href":"https:\/\/www.ataks.app\/de\/wp-json\/wp\/v2\/users\/1"}],"replies":[{"embeddable":true,"href":"https:\/\/www.ataks.app\/de\/wp-json\/wp\/v2\/comments?post=7041"}],"version-history":[{"count":0,"href":"https:\/\/www.ataks.app\/de\/wp-json\/wp\/v2\/pages\/7041\/revisions"}],"wp:attachment":[{"href":"https:\/\/www.ataks.app\/de\/wp-json\/wp\/v2\/media?parent=7041"}],"curies":[{"name":"wp","href":"https:\/\/api.w.org\/{rel}","templated":true}]}}